{"id":7,"date":"2021-09-07T20:13:21","date_gmt":"2021-09-07T20:13:21","guid":{"rendered":"http:\/\/rekodzielo-kww.pl\/?page_id=7"},"modified":"2026-04-15T10:28:31","modified_gmt":"2026-04-15T10:28:31","slug":"kontakt","status":"publish","type":"page","link":"https:\/\/rekodzielo-kww.pl\/?page_id=7","title":{"rendered":"Informacje i kontakt"},"content":{"rendered":"\n<p>Ka\u017cdy prezentowany w tej galerii przedmiot jest unikalny, wykonany w jednym lub najwy\u017cej kilku egzemplarzach, cz\u0119sto na zam\u00f3wienie z powodu konkretnej okazji. <\/p>\n\n\n\n<p>Je\u015bli chcesz zakupi\u0107 jeden z gotowych produkt\u00f3w lub jaki\u015b przedmiot z mojej oferty przypad\u0142 Ci do gustu, a nie jest aktualnie dost\u0119pny, mog\u0119 wykona\u0107 go na zam\u00f3wienie. Napisz do mnie na <a href=\"mailto:kinga@allora.pl\">kinga@allora.pl<\/a> lub zadzwo\u0144 pod numer <a href=\"tel:501507018\">501 507 018<\/a>. Zapraszam r\u00f3wnie\u017c na m\u00f3j <a href=\"http:\/\/facebook.com\/RekodzieloKWW\" data-type=\"URL\" data-id=\"facebook.com\/RekodzieloKWW\" target=\"_blank\" rel=\"noreferrer noopener\">profil na Facebooku<\/a> <\/p>\n\n\n\n<p>Je\u015bli wolisz zakupy tradycyjne, masz tak\u0105 mo\u017cliwo\u015b\u0107 na licznych targach, kiermaszach, festynach organizowanych w Warszawie lub okolicach. <\/p>\n\n\n\n<p>Zapraszam:<\/p>\n\n\n\n<p>14-18 kwietnia 2026 Galera KEN Center, obok sklepu W. Kruk<\/p>\n\n\n\n<p>26 kwietnia Jarmark \u015bw. Wojciecha,  Muzeum Rolnictwa w Ciechanowcu, ul Pa\u0142acowa 5<\/p>\n\n\n\n<p>10 maja Jarmark Floria\u0144ski, Praga-P\u00f3\u0142noc, ul. Floria\u0144ska<\/p>\n\n\n\n<p>12-16 maja 2026 Galera KEN Center, obok sklepu W. Kruk<\/p>\n\n\n\n<p>20-23 maja 2026 Blue City, poziom -1, stoiska naprzeciwko kwiaciarni.<\/p>\n\n\n\n<p>26-29 maja 2026 Galera KEN Center, obok sklepu W. Kruk.<\/p>\n\n\n\n<p>9-13 czerwca 2026 Galera KEN Center, obok sklepu W. Kruk<\/p>\n\n\n\n<p>23-27 czerwca 2026 Galera KEN Center, obok sklepu W. Kruk<\/p>\n\n\n\n<p><\/p>\n\n\n\n<p><\/p>\n\n\n\n<p><\/p>\n\n\n\n<p><\/p>\n\n\n\n<p><\/p>\n\n\n\n<p><\/p>\n\n\n\n<p><\/p>\n\n\n\n<p><\/p>\n\n\n\n<p><\/p>\n\n\n\n<p><\/p>\n\n\n\n<p><\/p>\n\n\n\n<p>Dane firmy:<br><strong>Allora <\/strong>Kinga Witkus-Wyrzykowska<br>ul. Capri 2\/40, 02-762 Warszawa<br>NIP 796-224-01-42<\/p>\n\n\n<div id=\"wpgmza_map\" class=\"wpgmza_map\" data-settings='{\"id\":\"1\",\"map_title\":\"Capri\",\"map_width\":\"100\",\"map_height\":\"400\",\"map_start_lat\":\"52.1753402\",\"map_start_lng\":\"21.0582021\",\"map_start_location\":\"45.950464398418106,-109.81550500000003\",\"map_start_zoom\":\"10\",\"default_marker\":\"\",\"type\":\"1\",\"alignment\":\"4\",\"directions_enabled\":\"0\",\"styling_enabled\":\"0\",\"styling_json\":\"\",\"active\":\"0\",\"kml\":\"\",\"bicycle\":\"0\",\"traffic\":\"0\",\"dbox\":\"0\",\"dbox_width\":\"\",\"listmarkers\":\"0\",\"listmarkers_advanced\":\"0\",\"filterbycat\":\"0\",\"ugm_enabled\":\"0\",\"ugm_category_enabled\":\"0\",\"fusion\":\"\",\"map_width_type\":\"%\",\"map_height_type\":\"px\",\"mass_marker_support\":\"0\",\"ugm_access\":\"0\",\"order_markers_by\":\"0\",\"order_markers_choice\":\"0\",\"show_user_location\":\"0\",\"default_to\":\"\",\"other_settings\":{\"map_type\":1,\"sl_stroke_color\":\"\",\"sl_fill_color\":\"\",\"sl_stroke_opacity\":\"\",\"sl_fill_opacity\":\"\",\"transport_layer\":false,\"action\":\"wpgmza_save_map\",\"redirect_to\":\"\\\/wp-admin\\\/admin-post.php\",\"map_id\":\"1\",\"http_referer\":\"\\\/wp-admin\\\/admin.php?page=wp-google-maps-menu&amp;amp;override=1&amp;amp;action=edit&amp;amp;map_id=1\",\"wpgmza_id\":\"1\",\"wpgmza_start_location\":\"52.1753402,21.0582021\",\"wpgmza_start_zoom\":\"10\",\"wpgmza_theme_data\":\"\",\"store_locator_enabled\":false,\"store_locator_search_area\":\"radial\",\"wpgmza_store_locator_radius_style\":\"legacy\",\"wpgmza_store_locator_default_radius\":\"10\",\"store_locator_auto_area_max_zoom\":\"\",\"store_locator_distance\":false,\"wpgmza_store_locator_position\":false,\"store_locator_show_distance\":false,\"store_locator_category\":false,\"wpgmza_store_locator_use_their_location\":false,\"wpgmza_store_locator_bounce\":false,\"wpgmza_sl_animation\":null,\"wpgmza_store_locator_hide_before_search\":false,\"store_locator_query_string\":\"\",\"store_locator_default_address\":\"\",\"store_locator_name_search\":false,\"store_locator_name_string\":\"\",\"store_locator_not_found_message\":\"\",\"wpgmza_map_align\":\"1\",\"jump_to_nearest_marker_on_initialization\":false,\"automatically_pan_to_users_location\":false,\"override_users_location_zoom_level\":false,\"override_users_location_zoom_levels\":\"\",\"show_distance_from_location\":false,\"map_max_zoom\":\"21\",\"map_min_zoom\":\"0\",\"click_open_link\":false,\"fit_maps_bounds_to_markers\":false,\"fit_maps_bounds_to_markers_after_filtering\":false,\"hide_point_of_interest\":false,\"wpgmza_zoom_on_marker_click\":false,\"wpgmza_zoom_on_marker_click_slider\":\"\",\"close_infowindow_on_map_click\":false,\"disable_lightbox_images\":false,\"use_Raw_Jpeg_Coordinates\":false,\"polygon_labels\":false,\"disable_polygon_info_windows\":false,\"enable_marker_ratings\":false,\"only_load_markers_within_viewport\":false,\"iw_primary_color\":\"\",\"iw_accent_color\":\"\",\"iw_text_color\":\"\",\"wpgmza_listmarkers_by\":\"0\",\"wpgmza_marker_listing_position\":false,\"wpgmza_push_in_map\":false,\"wpgmza_push_in_map_placement\":null,\"wpgmza_push_in_map_width\":\"\",\"wpgmza_push_in_map_height\":\"\",\"zoom_level_on_marker_listing_override\":false,\"zoom_level_on_marker_listing_click\":\"\",\"datatable_no_result_message\":\"\",\"remove_search_box_datables\":false,\"dataTable_pagination_style\":null,\"datatable_search_string\":\"\",\"datatable_result_start\":\"\",\"datatable_result_of\":\"\",\"datatable_result_to\":\"\",\"datatable_result_total\":\"\",\"datatable_result_show\":\"\",\"datatable_result_entries\":\"\",\"wpgmza_savemap\":\"Zapisz map\\u0119 \\u00bb\"}}' data-map-id='1' Data-maps-engine='open-layers' data-shortcode-attributes='{\"id\":\"1\"}' style=\"display:block; overflow:auto; width:100%; height:400px; float:left;\"><\/div>\n\n\n\n<p><\/p>\n","protected":false},"excerpt":{"rendered":"<p>Ka\u017cdy prezentowany w tej galerii przedmiot jest unikalny, wykonany w jednym lub najwy\u017cej kilku egzemplarzach, cz\u0119sto na zam\u00f3wienie z powodu konkretnej okazji. Je\u015bli chcesz zakupi\u0107 jeden z gotowych produkt\u00f3w lub jaki\u015b przedmiot z mojej oferty przypad\u0142 Ci do gustu, a nie jest aktualnie dost\u0119pny, mog\u0119 wykona\u0107 go na zam\u00f3wienie. Napisz do mnie na kinga@allora.pl lub &hellip; <\/p>\n<p class=\"link-more\"><a href=\"https:\/\/rekodzielo-kww.pl\/?page_id=7\" class=\"more-link\">Czytaj dalej<span class=\"screen-reader-text\"> \u201eInformacje i kontakt\u201d<\/span><\/a><\/p>\n","protected":false},"author":1,"featured_media":0,"parent":0,"menu_order":0,"comment_status":"closed","ping_status":"closed","template":"","meta":{"footnotes":""},"jetpack_sharing_enabled":true,"jetpack-related-posts":[],"_links":{"self":[{"href":"https:\/\/rekodzielo-kww.pl\/index.php?rest_route=\/wp\/v2\/pages\/7"}],"collection":[{"href":"https:\/\/rekodzielo-kww.pl\/index.php?rest_route=\/wp\/v2\/pages"}],"about":[{"href":"https:\/\/rekodzielo-kww.pl\/index.php?rest_route=\/wp\/v2\/types\/page"}],"author":[{"embeddable":true,"href":"https:\/\/rekodzielo-kww.pl\/index.php?rest_route=\/wp\/v2\/users\/1"}],"replies":[{"embeddable":true,"href":"https:\/\/rekodzielo-kww.pl\/index.php?rest_route=%2Fwp%2Fv2%2Fcomments&post=7"}],"version-history":[{"count":58,"href":"https:\/\/rekodzielo-kww.pl\/index.php?rest_route=\/wp\/v2\/pages\/7\/revisions"}],"predecessor-version":[{"id":1130,"href":"https:\/\/rekodzielo-kww.pl\/index.php?rest_route=\/wp\/v2\/pages\/7\/revisions\/1130"}],"wp:attachment":[{"href":"https:\/\/rekodzielo-kww.pl\/index.php?rest_route=%2Fwp%2Fv2%2Fmedia&parent=7"}],"curies":[{"name":"wp","href":"https:\/\/api.w.org\/{rel}","templated":true}]}}