{"id":13,"date":"2021-09-07T20:13:21","date_gmt":"2021-09-07T20:13:21","guid":{"rendered":"http:\/\/rekodzielo-kww.pl\/?page_id=13"},"modified":"2025-03-17T12:40:10","modified_gmt":"2025-03-17T12:40:10","slug":"strona-glowna","status":"publish","type":"page","link":"https:\/\/rekodzielo-kww.pl\/","title":{"rendered":""},"content":{"rendered":"\n<p>\u201eKiedy kupujesz od Artysty, R\u0119kodzielnika czy Tw\u00f3rcy, kupujesz wi\u0119cej ni\u017c tylko przedmiot.<br>Kupujesz tysi\u0105ce godzin pora\u017cek i eksperyment\u00f3w. <br>Kupujesz dni, tygodnie i miesi\u0105ce frustracji oraz momenty czystej rado\u015bci.<br>NIE KUPUJESZ TYLKO RZECZY!<br>Kupujesz kawa\u0142ek serca, cz\u0119\u015b\u0107 duszy i moment czyjego\u015b \u017cycia.<br>A co najwa\u017cniejsze, kupujesz wi\u0119cej czasu dla artysty, aby m\u00f3g\u0142 zrobi\u0107 co\u015b, co robi z pasj\u0105.\u201d<\/p>\n","protected":false},"excerpt":{"rendered":"<p>\u201eKiedy kupujesz od Artysty, R\u0119kodzielnika czy Tw\u00f3rcy, kupujesz wi\u0119cej ni\u017c tylko przedmiot.Kupujesz tysi\u0105ce godzin pora\u017cek i eksperyment\u00f3w. Kupujesz dni, tygodnie i miesi\u0105ce frustracji oraz momenty czystej rado\u015bci.NIE KUPUJESZ TYLKO RZECZY!Kupujesz kawa\u0142ek serca, cz\u0119\u015b\u0107 duszy i moment czyjego\u015b \u017cycia.A co najwa\u017cniejsze, kupujesz wi\u0119cej czasu dla artysty, aby m\u00f3g\u0142 zrobi\u0107 co\u015b, co robi z pasj\u0105.\u201d<\/p>\n","protected":false},"author":1,"featured_media":0,"parent":0,"menu_order":0,"comment_status":"closed","ping_status":"closed","template":"","meta":{"footnotes":""},"jetpack_sharing_enabled":true,"jetpack-related-posts":[],"_links":{"self":[{"href":"https:\/\/rekodzielo-kww.pl\/index.php?rest_route=\/wp\/v2\/pages\/13"}],"collection":[{"href":"https:\/\/rekodzielo-kww.pl\/index.php?rest_route=\/wp\/v2\/pages"}],"about":[{"href":"https:\/\/rekodzielo-kww.pl\/index.php?rest_route=\/wp\/v2\/types\/page"}],"author":[{"embeddable":true,"href":"https:\/\/rekodzielo-kww.pl\/index.php?rest_route=\/wp\/v2\/users\/1"}],"replies":[{"embeddable":true,"href":"https:\/\/rekodzielo-kww.pl\/index.php?rest_route=%2Fwp%2Fv2%2Fcomments&post=13"}],"version-history":[{"count":11,"href":"https:\/\/rekodzielo-kww.pl\/index.php?rest_route=\/wp\/v2\/pages\/13\/revisions"}],"predecessor-version":[{"id":628,"href":"https:\/\/rekodzielo-kww.pl\/index.php?rest_route=\/wp\/v2\/pages\/13\/revisions\/628"}],"wp:attachment":[{"href":"https:\/\/rekodzielo-kww.pl\/index.php?rest_route=%2Fwp%2Fv2%2Fmedia&parent=13"}],"curies":[{"name":"wp","href":"https:\/\/api.w.org\/{rel}","templated":true}]}}