{"id":119,"date":"2021-09-12T08:01:29","date_gmt":"2021-09-12T08:01:29","guid":{"rendered":"http:\/\/rekodzielo-kww.pl\/?page_id=119"},"modified":"2022-01-09T17:37:58","modified_gmt":"2022-01-09T17:37:58","slug":"slideshow-z-ostatnich-wpisow","status":"publish","type":"page","link":"https:\/\/rekodzielo-kww.pl\/?page_id=119","title":{"rendered":"Galeria prac"},"content":{"rendered":"\n<h2 class=\"wp-block-heading\">\u015awieczniki<\/h2>\n\n\n<div id=\"psacp-post-carousel-wrap-1\" class=\"psacp-wrap psacp-post-carousel-wrap owl-carousel psacp-design-1 psacp-has-arrows psacp-clearfix\" data-conf=\"{&quot;slide_show&quot;:3,&quot;loop&quot;:true,&quot;arrows&quot;:true,&quot;dots&quot;:false,&quot;autoplay&quot;:false,&quot;autoplay_interval&quot;:5000,&quot;speed&quot;:500,&quot;slide_scroll&quot;:1,&quot;rtl&quot;:false}\"><div class=\"psacp-post-slide psacp-post-826 psacp-post-standard psacp-has-thumb\">\r\n\t<div class=\"psacp-post-carousel-content\">\r\n\t\t<div class=\"psacp-post-img-bg\" style=\"background-image:url(https:\/\/i0.wp.com\/rekodzielo-kww.pl\/wp-content\/uploads\/2021\/09\/Y23.jpg?resize=500%2C500&#038;ssl=1);\">\r\n\t\t\t<a class=\"psacp-post-linkoverlay\" href=\"https:\/\/rekodzielo-kww.pl\/?p=826\"><\/a>\r\n\t\t\t<div class=\"psacp-post-overlay\">\r\n\t\t\t\t\t\t\t\t<h2 class=\"psacp-post-title\">\r\n\t\t\t\t\t<a href=\"https:\/\/rekodzielo-kww.pl\/?p=826\">Podw\u00f3jny \u015bwiecznik 12+12 cm<\/a>\r\n\t\t\t\t<\/h2>\r\n\r\n\t\t\t\t\t\t\t<\/div>\r\n\t\t<\/div>\r\n\r\n\t\t\t<\/div>\r\n<\/div><div class=\"psacp-post-slide psacp-post-823 psacp-post-standard psacp-has-thumb\">\r\n\t<div class=\"psacp-post-carousel-content\">\r\n\t\t<div class=\"psacp-post-img-bg\" style=\"background-image:url(https:\/\/i0.wp.com\/rekodzielo-kww.pl\/wp-content\/uploads\/2021\/09\/Y24.jpg?resize=500%2C500&#038;ssl=1);\">\r\n\t\t\t<a class=\"psacp-post-linkoverlay\" href=\"https:\/\/rekodzielo-kww.pl\/?p=823\"><\/a>\r\n\t\t\t<div class=\"psacp-post-overlay\">\r\n\t\t\t\t\t\t\t\t<h2 class=\"psacp-post-title\">\r\n\t\t\t\t\t<a href=\"https:\/\/rekodzielo-kww.pl\/?p=823\">Podw\u00f3jny \u015bwiecznik 12+12 cm<\/a>\r\n\t\t\t\t<\/h2>\r\n\r\n\t\t\t\t\t\t\t<\/div>\r\n\t\t<\/div>\r\n\r\n\t\t\t<\/div>\r\n<\/div><div class=\"psacp-post-slide psacp-post-374 psacp-post-standard psacp-has-thumb\">\r\n\t<div class=\"psacp-post-carousel-content\">\r\n\t\t<div class=\"psacp-post-img-bg\" style=\"background-image:url(https:\/\/i0.wp.com\/rekodzielo-kww.pl\/wp-content\/uploads\/2021\/09\/Y25.jpg?resize=500%2C500&#038;ssl=1);\">\r\n\t\t\t<a class=\"psacp-post-linkoverlay\" href=\"https:\/\/rekodzielo-kww.pl\/?p=374\"><\/a>\r\n\t\t\t<div class=\"psacp-post-overlay\">\r\n\t\t\t\t\t\t\t\t<h2 class=\"psacp-post-title\">\r\n\t\t\t\t\t<a href=\"https:\/\/rekodzielo-kww.pl\/?p=374\">Potr\u00f3jny \u015bwiecznik 6+9+12 cm<\/a>\r\n\t\t\t\t<\/h2>\r\n\r\n\t\t\t\t\t\t\t<\/div>\r\n\t\t<\/div>\r\n\r\n\t\t\t<\/div>\r\n<\/div><div class=\"psacp-post-slide psacp-post-357 psacp-post-standard psacp-has-thumb\">\r\n\t<div class=\"psacp-post-carousel-content\">\r\n\t\t<div class=\"psacp-post-img-bg\" style=\"background-image:url(https:\/\/i0.wp.com\/rekodzielo-kww.pl\/wp-content\/uploads\/2021\/09\/Y03a.jpg?resize=500%2C450&#038;ssl=1);\">\r\n\t\t\t<a class=\"psacp-post-linkoverlay\" href=\"https:\/\/rekodzielo-kww.pl\/?p=357\"><\/a>\r\n\t\t\t<div class=\"psacp-post-overlay\">\r\n\t\t\t\t\t\t\t\t<h2 class=\"psacp-post-title\">\r\n\t\t\t\t\t<a href=\"https:\/\/rekodzielo-kww.pl\/?p=357\">Podw\u00f3jny \u015bwiecznik 12+12 cm<\/a>\r\n\t\t\t\t<\/h2>\r\n\r\n\t\t\t\t\t\t\t<\/div>\r\n\t\t<\/div>\r\n\r\n\t\t\t<\/div>\r\n<\/div><\/div>\n\n\n\n<h2 class=\"wp-block-heading\">Chusteczniki<\/h2>\n\n\n<div id=\"psacp-post-carousel-wrap-2\" class=\"psacp-wrap psacp-post-carousel-wrap owl-carousel psacp-design-1 psacp-has-arrows psacp-clearfix\" data-conf=\"{&quot;slide_show&quot;:3,&quot;loop&quot;:true,&quot;arrows&quot;:true,&quot;dots&quot;:false,&quot;autoplay&quot;:false,&quot;autoplay_interval&quot;:5000,&quot;speed&quot;:500,&quot;slide_scroll&quot;:1,&quot;rtl&quot;:false}\"><div class=\"psacp-post-slide psacp-post-840 psacp-post-standard psacp-has-thumb\">\r\n\t<div class=\"psacp-post-carousel-content\">\r\n\t\t<div class=\"psacp-post-img-bg\" style=\"background-image:url(https:\/\/i0.wp.com\/rekodzielo-kww.pl\/wp-content\/uploads\/2021\/09\/U16.jpg?resize=500%2C500&#038;ssl=1);\">\r\n\t\t\t<a class=\"psacp-post-linkoverlay\" href=\"https:\/\/rekodzielo-kww.pl\/?p=840\"><\/a>\r\n\t\t\t<div class=\"psacp-post-overlay\">\r\n\t\t\t\t\t\t\t\t<h2 class=\"psacp-post-title\">\r\n\t\t\t\t\t<a href=\"https:\/\/rekodzielo-kww.pl\/?p=840\">Drewniany chustecznik 16&#215;16<\/a>\r\n\t\t\t\t<\/h2>\r\n\r\n\t\t\t\t\t\t\t<\/div>\r\n\t\t<\/div>\r\n\r\n\t\t\t<\/div>\r\n<\/div><div class=\"psacp-post-slide psacp-post-836 psacp-post-standard psacp-has-thumb\">\r\n\t<div class=\"psacp-post-carousel-content\">\r\n\t\t<div class=\"psacp-post-img-bg\" style=\"background-image:url(https:\/\/i0.wp.com\/rekodzielo-kww.pl\/wp-content\/uploads\/2021\/09\/U26.jpg?resize=500%2C500&#038;ssl=1);\">\r\n\t\t\t<a class=\"psacp-post-linkoverlay\" href=\"https:\/\/rekodzielo-kww.pl\/?p=836\"><\/a>\r\n\t\t\t<div class=\"psacp-post-overlay\">\r\n\t\t\t\t\t\t\t\t<h2 class=\"psacp-post-title\">\r\n\t\t\t\t\t<a href=\"https:\/\/rekodzielo-kww.pl\/?p=836\">Drewniany chustecznik 16&#215;16<\/a>\r\n\t\t\t\t<\/h2>\r\n\r\n\t\t\t\t\t\t\t<\/div>\r\n\t\t<\/div>\r\n\r\n\t\t\t<\/div>\r\n<\/div><div class=\"psacp-post-slide psacp-post-352 psacp-post-standard psacp-has-thumb\">\r\n\t<div class=\"psacp-post-carousel-content\">\r\n\t\t<div class=\"psacp-post-img-bg\" style=\"background-image:url(https:\/\/i0.wp.com\/rekodzielo-kww.pl\/wp-content\/uploads\/2021\/09\/U38_2.jpg?resize=500%2C500&#038;ssl=1);\">\r\n\t\t\t<a class=\"psacp-post-linkoverlay\" href=\"https:\/\/rekodzielo-kww.pl\/?p=352\"><\/a>\r\n\t\t\t<div class=\"psacp-post-overlay\">\r\n\t\t\t\t\t\t\t\t<h2 class=\"psacp-post-title\">\r\n\t\t\t\t\t<a href=\"https:\/\/rekodzielo-kww.pl\/?p=352\">Drewniany chustecznik 26&#215;13<\/a>\r\n\t\t\t\t<\/h2>\r\n\r\n\t\t\t\t\t\t\t<\/div>\r\n\t\t<\/div>\r\n\r\n\t\t\t<\/div>\r\n<\/div><div class=\"psacp-post-slide psacp-post-313 psacp-post-standard psacp-has-thumb\">\r\n\t<div class=\"psacp-post-carousel-content\">\r\n\t\t<div class=\"psacp-post-img-bg\" style=\"background-image:url(https:\/\/i0.wp.com\/rekodzielo-kww.pl\/wp-content\/uploads\/2021\/09\/U02a.jpg?resize=500%2C500&#038;ssl=1);\">\r\n\t\t\t<a class=\"psacp-post-linkoverlay\" href=\"https:\/\/rekodzielo-kww.pl\/?p=313\"><\/a>\r\n\t\t\t<div class=\"psacp-post-overlay\">\r\n\t\t\t\t\t\t\t\t<h2 class=\"psacp-post-title\">\r\n\t\t\t\t\t<a href=\"https:\/\/rekodzielo-kww.pl\/?p=313\">Drewniany chustecznik 16&#215;16<\/a>\r\n\t\t\t\t<\/h2>\r\n\r\n\t\t\t\t\t\t\t<\/div>\r\n\t\t<\/div>\r\n\r\n\t\t\t<\/div>\r\n<\/div><\/div>\n\n\n\n<h2 class=\"wp-block-heading\">Pude\u0142ka na drobiazgi<\/h2>\n\n\n<div id=\"psacp-post-carousel-wrap-3\" class=\"psacp-wrap psacp-post-carousel-wrap owl-carousel psacp-design-1 psacp-has-arrows psacp-clearfix\" data-conf=\"{&quot;slide_show&quot;:3,&quot;loop&quot;:true,&quot;arrows&quot;:true,&quot;dots&quot;:false,&quot;autoplay&quot;:false,&quot;autoplay_interval&quot;:5000,&quot;speed&quot;:500,&quot;slide_scroll&quot;:1,&quot;rtl&quot;:false}\"><div class=\"psacp-post-slide psacp-post-956 psacp-post-standard psacp-has-thumb\">\r\n\t<div class=\"psacp-post-carousel-content\">\r\n\t\t<div class=\"psacp-post-img-bg\" style=\"background-image:url(https:\/\/i0.wp.com\/rekodzielo-kww.pl\/wp-content\/uploads\/2021\/11\/117.jpg?resize=500%2C500&#038;ssl=1);\">\r\n\t\t\t<a class=\"psacp-post-linkoverlay\" href=\"https:\/\/rekodzielo-kww.pl\/?p=956\"><\/a>\r\n\t\t\t<div class=\"psacp-post-overlay\">\r\n\t\t\t\t\t\t\t\t<h2 class=\"psacp-post-title\">\r\n\t\t\t\t\t<a href=\"https:\/\/rekodzielo-kww.pl\/?p=956\">Drewniana szkatu\u0142ka 16&#215;16<\/a>\r\n\t\t\t\t<\/h2>\r\n\r\n\t\t\t\t\t\t\t<\/div>\r\n\t\t<\/div>\r\n\r\n\t\t\t<\/div>\r\n<\/div><div class=\"psacp-post-slide psacp-post-951 psacp-post-standard psacp-has-thumb\">\r\n\t<div class=\"psacp-post-carousel-content\">\r\n\t\t<div class=\"psacp-post-img-bg\" style=\"background-image:url(https:\/\/i0.wp.com\/rekodzielo-kww.pl\/wp-content\/uploads\/2021\/11\/120.jpg?resize=500%2C500&#038;ssl=1);\">\r\n\t\t\t<a class=\"psacp-post-linkoverlay\" href=\"https:\/\/rekodzielo-kww.pl\/?p=951\"><\/a>\r\n\t\t\t<div class=\"psacp-post-overlay\">\r\n\t\t\t\t\t\t\t\t<h2 class=\"psacp-post-title\">\r\n\t\t\t\t\t<a href=\"https:\/\/rekodzielo-kww.pl\/?p=951\">Drewniana szkatu\u0142ka 12&#215;12<\/a>\r\n\t\t\t\t<\/h2>\r\n\r\n\t\t\t\t\t\t\t<\/div>\r\n\t\t<\/div>\r\n\r\n\t\t\t<\/div>\r\n<\/div><div class=\"psacp-post-slide psacp-post-947 psacp-post-standard psacp-has-thumb\">\r\n\t<div class=\"psacp-post-carousel-content\">\r\n\t\t<div class=\"psacp-post-img-bg\" style=\"background-image:url(https:\/\/i0.wp.com\/rekodzielo-kww.pl\/wp-content\/uploads\/2021\/11\/90.jpg?resize=500%2C500&#038;ssl=1);\">\r\n\t\t\t<a class=\"psacp-post-linkoverlay\" href=\"https:\/\/rekodzielo-kww.pl\/?p=947\"><\/a>\r\n\t\t\t<div class=\"psacp-post-overlay\">\r\n\t\t\t\t\t\t\t\t<h2 class=\"psacp-post-title\">\r\n\t\t\t\t\t<a href=\"https:\/\/rekodzielo-kww.pl\/?p=947\">Drewniana szkatu\u0142ka 12&#215;12<\/a>\r\n\t\t\t\t<\/h2>\r\n\r\n\t\t\t\t\t\t\t<\/div>\r\n\t\t<\/div>\r\n\r\n\t\t\t<\/div>\r\n<\/div><div class=\"psacp-post-slide psacp-post-943 psacp-post-standard psacp-has-thumb\">\r\n\t<div class=\"psacp-post-carousel-content\">\r\n\t\t<div class=\"psacp-post-img-bg\" style=\"background-image:url(https:\/\/i0.wp.com\/rekodzielo-kww.pl\/wp-content\/uploads\/2021\/11\/79.jpg?resize=500%2C500&#038;ssl=1);\">\r\n\t\t\t<a class=\"psacp-post-linkoverlay\" href=\"https:\/\/rekodzielo-kww.pl\/?p=943\"><\/a>\r\n\t\t\t<div class=\"psacp-post-overlay\">\r\n\t\t\t\t\t\t\t\t<h2 class=\"psacp-post-title\">\r\n\t\t\t\t\t<a href=\"https:\/\/rekodzielo-kww.pl\/?p=943\">Drewniana herbaciarka z przegr\u00f3dkami<\/a>\r\n\t\t\t\t<\/h2>\r\n\r\n\t\t\t\t\t\t\t<\/div>\r\n\t\t<\/div>\r\n\r\n\t\t\t<\/div>\r\n<\/div><div class=\"psacp-post-slide psacp-post-431 psacp-post-standard psacp-has-thumb\">\r\n\t<div class=\"psacp-post-carousel-content\">\r\n\t\t<div class=\"psacp-post-img-bg\" style=\"background-image:url(https:\/\/i0.wp.com\/rekodzielo-kww.pl\/wp-content\/uploads\/2021\/09\/16-scaled.jpg?resize=500%2C500&#038;ssl=1);\">\r\n\t\t\t<a class=\"psacp-post-linkoverlay\" href=\"https:\/\/rekodzielo-kww.pl\/?p=431\"><\/a>\r\n\t\t\t<div class=\"psacp-post-overlay\">\r\n\t\t\t\t\t\t\t\t<h2 class=\"psacp-post-title\">\r\n\t\t\t\t\t<a href=\"https:\/\/rekodzielo-kww.pl\/?p=431\">Prezent na rocznic\u0119 \u015blubu<\/a>\r\n\t\t\t\t<\/h2>\r\n\r\n\t\t\t\t\t\t\t<\/div>\r\n\t\t<\/div>\r\n\r\n\t\t\t<\/div>\r\n<\/div><div class=\"psacp-post-slide psacp-post-425 psacp-post-standard psacp-has-thumb\">\r\n\t<div class=\"psacp-post-carousel-content\">\r\n\t\t<div class=\"psacp-post-img-bg\" style=\"background-image:url(https:\/\/i0.wp.com\/rekodzielo-kww.pl\/wp-content\/uploads\/2021\/09\/21-scaled.jpg?resize=500%2C500&#038;ssl=1);\">\r\n\t\t\t<a class=\"psacp-post-linkoverlay\" href=\"https:\/\/rekodzielo-kww.pl\/?p=425\"><\/a>\r\n\t\t\t<div class=\"psacp-post-overlay\">\r\n\t\t\t\t\t\t\t\t<h2 class=\"psacp-post-title\">\r\n\t\t\t\t\t<a href=\"https:\/\/rekodzielo-kww.pl\/?p=425\">Szkatu\u0142ka urodzinowa z dedykacj\u0105<\/a>\r\n\t\t\t\t<\/h2>\r\n\r\n\t\t\t\t\t\t\t<\/div>\r\n\t\t<\/div>\r\n\r\n\t\t\t<\/div>\r\n<\/div><div class=\"psacp-post-slide psacp-post-419 psacp-post-standard psacp-has-thumb\">\r\n\t<div class=\"psacp-post-carousel-content\">\r\n\t\t<div class=\"psacp-post-img-bg\" style=\"background-image:url(https:\/\/i0.wp.com\/rekodzielo-kww.pl\/wp-content\/uploads\/2021\/09\/31.jpg?resize=500%2C500&#038;ssl=1);\">\r\n\t\t\t<a class=\"psacp-post-linkoverlay\" href=\"https:\/\/rekodzielo-kww.pl\/?p=419\"><\/a>\r\n\t\t\t<div class=\"psacp-post-overlay\">\r\n\t\t\t\t\t\t\t\t<h2 class=\"psacp-post-title\">\r\n\t\t\t\t\t<a href=\"https:\/\/rekodzielo-kww.pl\/?p=419\">Prezent na rocznic\u0119 \u015blubu<\/a>\r\n\t\t\t\t<\/h2>\r\n\r\n\t\t\t\t\t\t\t<\/div>\r\n\t\t<\/div>\r\n\r\n\t\t\t<\/div>\r\n<\/div><div class=\"psacp-post-slide psacp-post-417 psacp-post-standard psacp-has-thumb\">\r\n\t<div class=\"psacp-post-carousel-content\">\r\n\t\t<div class=\"psacp-post-img-bg\" style=\"background-image:url(https:\/\/i0.wp.com\/rekodzielo-kww.pl\/wp-content\/uploads\/2021\/09\/35a.jpg?resize=500%2C500&#038;ssl=1);\">\r\n\t\t\t<a class=\"psacp-post-linkoverlay\" href=\"https:\/\/rekodzielo-kww.pl\/?p=417\"><\/a>\r\n\t\t\t<div class=\"psacp-post-overlay\">\r\n\t\t\t\t\t\t\t\t<h2 class=\"psacp-post-title\">\r\n\t\t\t\t\t<a href=\"https:\/\/rekodzielo-kww.pl\/?p=417\">Szkatu\u0142ka urodzinowa<\/a>\r\n\t\t\t\t<\/h2>\r\n\r\n\t\t\t\t\t\t\t<\/div>\r\n\t\t<\/div>\r\n\r\n\t\t\t<\/div>\r\n<\/div><div class=\"psacp-post-slide psacp-post-410 psacp-post-standard psacp-has-thumb\">\r\n\t<div class=\"psacp-post-carousel-content\">\r\n\t\t<div class=\"psacp-post-img-bg\" style=\"background-image:url(https:\/\/i0.wp.com\/rekodzielo-kww.pl\/wp-content\/uploads\/2021\/09\/54.jpg?resize=500%2C500&#038;ssl=1);\">\r\n\t\t\t<a class=\"psacp-post-linkoverlay\" href=\"https:\/\/rekodzielo-kww.pl\/?p=410\"><\/a>\r\n\t\t\t<div class=\"psacp-post-overlay\">\r\n\t\t\t\t\t\t\t\t<h2 class=\"psacp-post-title\">\r\n\t\t\t\t\t<a href=\"https:\/\/rekodzielo-kww.pl\/?p=410\">Szkatu\u0142ka urodzinowa<\/a>\r\n\t\t\t\t<\/h2>\r\n\r\n\t\t\t\t\t\t\t<\/div>\r\n\t\t<\/div>\r\n\r\n\t\t\t<\/div>\r\n<\/div><div class=\"psacp-post-slide psacp-post-399 psacp-post-standard psacp-has-thumb\">\r\n\t<div class=\"psacp-post-carousel-content\">\r\n\t\t<div class=\"psacp-post-img-bg\" style=\"background-image:url(https:\/\/i0.wp.com\/rekodzielo-kww.pl\/wp-content\/uploads\/2021\/09\/83c.jpg?resize=500%2C500&#038;ssl=1);\">\r\n\t\t\t<a class=\"psacp-post-linkoverlay\" href=\"https:\/\/rekodzielo-kww.pl\/?p=399\"><\/a>\r\n\t\t\t<div class=\"psacp-post-overlay\">\r\n\t\t\t\t\t\t\t\t<h2 class=\"psacp-post-title\">\r\n\t\t\t\t\t<a href=\"https:\/\/rekodzielo-kww.pl\/?p=399\">Szkatu\u0142ka urodzinowa z dedykacj\u0105<\/a>\r\n\t\t\t\t<\/h2>\r\n\r\n\t\t\t\t\t\t\t<\/div>\r\n\t\t<\/div>\r\n\r\n\t\t\t<\/div>\r\n<\/div><div class=\"psacp-post-slide psacp-post-394 psacp-post-standard psacp-has-thumb\">\r\n\t<div class=\"psacp-post-carousel-content\">\r\n\t\t<div class=\"psacp-post-img-bg\" style=\"background-image:url(https:\/\/i0.wp.com\/rekodzielo-kww.pl\/wp-content\/uploads\/2021\/09\/84.jpg?resize=500%2C500&#038;ssl=1);\">\r\n\t\t\t<a class=\"psacp-post-linkoverlay\" href=\"https:\/\/rekodzielo-kww.pl\/?p=394\"><\/a>\r\n\t\t\t<div class=\"psacp-post-overlay\">\r\n\t\t\t\t\t\t\t\t<h2 class=\"psacp-post-title\">\r\n\t\t\t\t\t<a href=\"https:\/\/rekodzielo-kww.pl\/?p=394\">Pami\u0105tka Chrztu \u015awi\u0119tego z dedykacj\u0105<\/a>\r\n\t\t\t\t<\/h2>\r\n\r\n\t\t\t\t\t\t\t<\/div>\r\n\t\t<\/div>\r\n\r\n\t\t\t<\/div>\r\n<\/div><div class=\"psacp-post-slide psacp-post-392 psacp-post-standard psacp-has-thumb\">\r\n\t<div class=\"psacp-post-carousel-content\">\r\n\t\t<div class=\"psacp-post-img-bg\" style=\"background-image:url(https:\/\/i0.wp.com\/rekodzielo-kww.pl\/wp-content\/uploads\/2021\/09\/114.jpg?resize=500%2C500&#038;ssl=1);\">\r\n\t\t\t<a class=\"psacp-post-linkoverlay\" href=\"https:\/\/rekodzielo-kww.pl\/?p=392\"><\/a>\r\n\t\t\t<div class=\"psacp-post-overlay\">\r\n\t\t\t\t\t\t\t\t<h2 class=\"psacp-post-title\">\r\n\t\t\t\t\t<a href=\"https:\/\/rekodzielo-kww.pl\/?p=392\">Szkatu\u0142ka z okazji Chrztu \u015awi\u0119tego<\/a>\r\n\t\t\t\t<\/h2>\r\n\r\n\t\t\t\t\t\t\t<\/div>\r\n\t\t<\/div>\r\n\r\n\t\t\t<\/div>\r\n<\/div><div class=\"psacp-post-slide psacp-post-389 psacp-post-standard psacp-has-thumb\">\r\n\t<div class=\"psacp-post-carousel-content\">\r\n\t\t<div class=\"psacp-post-img-bg\" style=\"background-image:url(https:\/\/i0.wp.com\/rekodzielo-kww.pl\/wp-content\/uploads\/2021\/09\/113.jpg?resize=500%2C500&#038;ssl=1);\">\r\n\t\t\t<a class=\"psacp-post-linkoverlay\" href=\"https:\/\/rekodzielo-kww.pl\/?p=389\"><\/a>\r\n\t\t\t<div class=\"psacp-post-overlay\">\r\n\t\t\t\t\t\t\t\t<h2 class=\"psacp-post-title\">\r\n\t\t\t\t\t<a href=\"https:\/\/rekodzielo-kww.pl\/?p=389\">Pami\u0105tka Chrztu \u015awi\u0119tego<\/a>\r\n\t\t\t\t<\/h2>\r\n\r\n\t\t\t\t\t\t\t<\/div>\r\n\t\t<\/div>\r\n\r\n\t\t\t<\/div>\r\n<\/div><div class=\"psacp-post-slide psacp-post-117 psacp-post-standard psacp-has-thumb\">\r\n\t<div class=\"psacp-post-carousel-content\">\r\n\t\t<div class=\"psacp-post-img-bg\" style=\"background-image:url(https:\/\/i0.wp.com\/rekodzielo-kww.pl\/wp-content\/uploads\/2021\/09\/W62a.jpg?resize=500%2C464&#038;ssl=1);\">\r\n\t\t\t<a class=\"psacp-post-linkoverlay\" href=\"https:\/\/rekodzielo-kww.pl\/?p=117\"><\/a>\r\n\t\t\t<div class=\"psacp-post-overlay\">\r\n\t\t\t\t\t\t\t\t<h2 class=\"psacp-post-title\">\r\n\t\t\t\t\t<a href=\"https:\/\/rekodzielo-kww.pl\/?p=117\">Pami\u0105tka Chrztu \u015awi\u0119tego z imieniem<\/a>\r\n\t\t\t\t<\/h2>\r\n\r\n\t\t\t\t\t\t\t<\/div>\r\n\t\t<\/div>\r\n\r\n\t\t\t<\/div>\r\n<\/div><div class=\"psacp-post-slide psacp-post-63 psacp-post-standard psacp-has-thumb\">\r\n\t<div class=\"psacp-post-carousel-content\">\r\n\t\t<div class=\"psacp-post-img-bg\" style=\"background-image:url(https:\/\/i0.wp.com\/rekodzielo-kww.pl\/wp-content\/uploads\/2021\/09\/W72.jpg?resize=500%2C500&#038;ssl=1);\">\r\n\t\t\t<a class=\"psacp-post-linkoverlay\" href=\"https:\/\/rekodzielo-kww.pl\/?p=63\"><\/a>\r\n\t\t\t<div class=\"psacp-post-overlay\">\r\n\t\t\t\t\t\t\t\t<h2 class=\"psacp-post-title\">\r\n\t\t\t\t\t<a href=\"https:\/\/rekodzielo-kww.pl\/?p=63\">Urodzinowe pude\u0142ko dla przyjaci\u00f3\u0142ki<\/a>\r\n\t\t\t\t<\/h2>\r\n\r\n\t\t\t\t\t\t\t<\/div>\r\n\t\t<\/div>\r\n\r\n\t\t\t<\/div>\r\n<\/div><div class=\"psacp-post-slide psacp-post-58 psacp-post-standard psacp-has-thumb\">\r\n\t<div class=\"psacp-post-carousel-content\">\r\n\t\t<div class=\"psacp-post-img-bg\" style=\"background-image:url(https:\/\/i0.wp.com\/rekodzielo-kww.pl\/wp-content\/uploads\/2021\/09\/W67.jpg?resize=500%2C500&#038;ssl=1);\">\r\n\t\t\t<a class=\"psacp-post-linkoverlay\" href=\"https:\/\/rekodzielo-kww.pl\/?p=58\"><\/a>\r\n\t\t\t<div class=\"psacp-post-overlay\">\r\n\t\t\t\t\t\t\t\t<h2 class=\"psacp-post-title\">\r\n\t\t\t\t\t<a href=\"https:\/\/rekodzielo-kww.pl\/?p=58\">Drewniana herbaciarka z przegr\u00f3dkami<\/a>\r\n\t\t\t\t<\/h2>\r\n\r\n\t\t\t\t\t\t\t<\/div>\r\n\t\t<\/div>\r\n\r\n\t\t\t<\/div>\r\n<\/div><\/div>\n\n\n\n<h2 class=\"wp-block-heading\">Zak\u0142adki do ksi\u0105\u017cek<\/h2>\n\n\n<div id=\"psacp-post-carousel-wrap-4\" class=\"psacp-wrap psacp-post-carousel-wrap owl-carousel psacp-design-1 psacp-has-arrows psacp-clearfix\" data-conf=\"{&quot;slide_show&quot;:3,&quot;loop&quot;:true,&quot;arrows&quot;:true,&quot;dots&quot;:false,&quot;autoplay&quot;:false,&quot;autoplay_interval&quot;:5000,&quot;speed&quot;:500,&quot;slide_scroll&quot;:1,&quot;rtl&quot;:false}\"><div class=\"psacp-post-slide psacp-post-936 psacp-post-standard psacp-has-thumb\">\r\n\t<div class=\"psacp-post-carousel-content\">\r\n\t\t<div class=\"psacp-post-img-bg\" style=\"background-image:url(https:\/\/i0.wp.com\/rekodzielo-kww.pl\/wp-content\/uploads\/2021\/11\/69.jpg?resize=500%2C500&#038;ssl=1);\">\r\n\t\t\t<a class=\"psacp-post-linkoverlay\" href=\"https:\/\/rekodzielo-kww.pl\/?p=936\"><\/a>\r\n\t\t\t<div class=\"psacp-post-overlay\">\r\n\t\t\t\t\t\t\t\t<h2 class=\"psacp-post-title\">\r\n\t\t\t\t\t<a href=\"https:\/\/rekodzielo-kww.pl\/?p=936\">Zak\u0142adka do ksi\u0105\u017cki 5&#215;15<\/a>\r\n\t\t\t\t<\/h2>\r\n\r\n\t\t\t\t\t\t\t<\/div>\r\n\t\t<\/div>\r\n\r\n\t\t\t<\/div>\r\n<\/div><div class=\"psacp-post-slide psacp-post-929 psacp-post-standard psacp-has-thumb\">\r\n\t<div class=\"psacp-post-carousel-content\">\r\n\t\t<div class=\"psacp-post-img-bg\" style=\"background-image:url(https:\/\/i0.wp.com\/rekodzielo-kww.pl\/wp-content\/uploads\/2021\/11\/67a.jpg?resize=500%2C500&#038;ssl=1);\">\r\n\t\t\t<a class=\"psacp-post-linkoverlay\" href=\"https:\/\/rekodzielo-kww.pl\/?p=929\"><\/a>\r\n\t\t\t<div class=\"psacp-post-overlay\">\r\n\t\t\t\t\t\t\t\t<h2 class=\"psacp-post-title\">\r\n\t\t\t\t\t<a href=\"https:\/\/rekodzielo-kww.pl\/?p=929\">Zak\u0142adka do ksi\u0105\u017cki 5&#215;15<\/a>\r\n\t\t\t\t<\/h2>\r\n\r\n\t\t\t\t\t\t\t<\/div>\r\n\t\t<\/div>\r\n\r\n\t\t\t<\/div>\r\n<\/div><div class=\"psacp-post-slide psacp-post-925 psacp-post-standard psacp-has-thumb\">\r\n\t<div class=\"psacp-post-carousel-content\">\r\n\t\t<div class=\"psacp-post-img-bg\" style=\"background-image:url(https:\/\/i0.wp.com\/rekodzielo-kww.pl\/wp-content\/uploads\/2021\/11\/71.jpg?resize=500%2C500&#038;ssl=1);\">\r\n\t\t\t<a class=\"psacp-post-linkoverlay\" href=\"https:\/\/rekodzielo-kww.pl\/?p=925\"><\/a>\r\n\t\t\t<div class=\"psacp-post-overlay\">\r\n\t\t\t\t\t\t\t\t<h2 class=\"psacp-post-title\">\r\n\t\t\t\t\t<a href=\"https:\/\/rekodzielo-kww.pl\/?p=925\">Zak\u0142adka do ksi\u0105\u017cki 5&#215;15<\/a>\r\n\t\t\t\t<\/h2>\r\n\r\n\t\t\t\t\t\t\t<\/div>\r\n\t\t<\/div>\r\n\r\n\t\t\t<\/div>\r\n<\/div><div class=\"psacp-post-slide psacp-post-921 psacp-post-standard psacp-has-thumb\">\r\n\t<div class=\"psacp-post-carousel-content\">\r\n\t\t<div class=\"psacp-post-img-bg\" style=\"background-image:url(https:\/\/i0.wp.com\/rekodzielo-kww.pl\/wp-content\/uploads\/2021\/11\/92.jpg?resize=500%2C500&#038;ssl=1);\">\r\n\t\t\t<a class=\"psacp-post-linkoverlay\" href=\"https:\/\/rekodzielo-kww.pl\/?p=921\"><\/a>\r\n\t\t\t<div class=\"psacp-post-overlay\">\r\n\t\t\t\t\t\t\t\t<h2 class=\"psacp-post-title\">\r\n\t\t\t\t\t<a href=\"https:\/\/rekodzielo-kww.pl\/?p=921\">Zak\u0142adka do ksi\u0105\u017cki 2&#215;15<\/a>\r\n\t\t\t\t<\/h2>\r\n\r\n\t\t\t\t\t\t\t<\/div>\r\n\t\t<\/div>\r\n\r\n\t\t\t<\/div>\r\n<\/div><div class=\"psacp-post-slide psacp-post-917 psacp-post-standard psacp-has-thumb\">\r\n\t<div class=\"psacp-post-carousel-content\">\r\n\t\t<div class=\"psacp-post-img-bg\" style=\"background-image:url(https:\/\/i0.wp.com\/rekodzielo-kww.pl\/wp-content\/uploads\/2021\/11\/97a.jpg?resize=500%2C500&#038;ssl=1);\">\r\n\t\t\t<a class=\"psacp-post-linkoverlay\" href=\"https:\/\/rekodzielo-kww.pl\/?p=917\"><\/a>\r\n\t\t\t<div class=\"psacp-post-overlay\">\r\n\t\t\t\t\t\t\t\t<h2 class=\"psacp-post-title\">\r\n\t\t\t\t\t<a href=\"https:\/\/rekodzielo-kww.pl\/?p=917\">Zak\u0142adka do ksi\u0105\u017cki 2&#215;15<\/a>\r\n\t\t\t\t<\/h2>\r\n\r\n\t\t\t\t\t\t\t<\/div>\r\n\t\t<\/div>\r\n\r\n\t\t\t<\/div>\r\n<\/div><div class=\"psacp-post-slide psacp-post-913 psacp-post-standard psacp-has-thumb\">\r\n\t<div class=\"psacp-post-carousel-content\">\r\n\t\t<div class=\"psacp-post-img-bg\" style=\"background-image:url(https:\/\/i0.wp.com\/rekodzielo-kww.pl\/wp-content\/uploads\/2021\/11\/80a.jpg?resize=500%2C500&#038;ssl=1);\">\r\n\t\t\t<a class=\"psacp-post-linkoverlay\" href=\"https:\/\/rekodzielo-kww.pl\/?p=913\"><\/a>\r\n\t\t\t<div class=\"psacp-post-overlay\">\r\n\t\t\t\t\t\t\t\t<h2 class=\"psacp-post-title\">\r\n\t\t\t\t\t<a href=\"https:\/\/rekodzielo-kww.pl\/?p=913\">Zak\u0142adka do ksi\u0105\u017cki 2&#215;15<\/a>\r\n\t\t\t\t<\/h2>\r\n\r\n\t\t\t\t\t\t\t<\/div>\r\n\t\t<\/div>\r\n\r\n\t\t\t<\/div>\r\n<\/div><div class=\"psacp-post-slide psacp-post-903 psacp-post-standard psacp-has-thumb\">\r\n\t<div class=\"psacp-post-carousel-content\">\r\n\t\t<div class=\"psacp-post-img-bg\" style=\"background-image:url(https:\/\/i0.wp.com\/rekodzielo-kww.pl\/wp-content\/uploads\/2021\/11\/697.jpg?resize=500%2C500&#038;ssl=1);\">\r\n\t\t\t<a class=\"psacp-post-linkoverlay\" href=\"https:\/\/rekodzielo-kww.pl\/?p=903\"><\/a>\r\n\t\t\t<div class=\"psacp-post-overlay\">\r\n\t\t\t\t\t\t\t\t<h2 class=\"psacp-post-title\">\r\n\t\t\t\t\t<a href=\"https:\/\/rekodzielo-kww.pl\/?p=903\">Zak\u0142adka do ksi\u0105\u017cki 5&#215;15<\/a>\r\n\t\t\t\t<\/h2>\r\n\r\n\t\t\t\t\t\t\t<\/div>\r\n\t\t<\/div>\r\n\r\n\t\t\t<\/div>\r\n<\/div><div class=\"psacp-post-slide psacp-post-899 psacp-post-standard psacp-has-thumb\">\r\n\t<div class=\"psacp-post-carousel-content\">\r\n\t\t<div class=\"psacp-post-img-bg\" style=\"background-image:url(https:\/\/i0.wp.com\/rekodzielo-kww.pl\/wp-content\/uploads\/2021\/11\/698.jpg?resize=500%2C500&#038;ssl=1);\">\r\n\t\t\t<a class=\"psacp-post-linkoverlay\" href=\"https:\/\/rekodzielo-kww.pl\/?p=899\"><\/a>\r\n\t\t\t<div class=\"psacp-post-overlay\">\r\n\t\t\t\t\t\t\t\t<h2 class=\"psacp-post-title\">\r\n\t\t\t\t\t<a href=\"https:\/\/rekodzielo-kww.pl\/?p=899\">Zak\u0142adka do ksi\u0105\u017cki 5&#215;15<\/a>\r\n\t\t\t\t<\/h2>\r\n\r\n\t\t\t\t\t\t\t<\/div>\r\n\t\t<\/div>\r\n\r\n\t\t\t<\/div>\r\n<\/div><div class=\"psacp-post-slide psacp-post-895 psacp-post-standard psacp-has-thumb\">\r\n\t<div class=\"psacp-post-carousel-content\">\r\n\t\t<div class=\"psacp-post-img-bg\" style=\"background-image:url(https:\/\/i0.wp.com\/rekodzielo-kww.pl\/wp-content\/uploads\/2021\/11\/699.jpg?resize=500%2C500&#038;ssl=1);\">\r\n\t\t\t<a class=\"psacp-post-linkoverlay\" href=\"https:\/\/rekodzielo-kww.pl\/?p=895\"><\/a>\r\n\t\t\t<div class=\"psacp-post-overlay\">\r\n\t\t\t\t\t\t\t\t<h2 class=\"psacp-post-title\">\r\n\t\t\t\t\t<a href=\"https:\/\/rekodzielo-kww.pl\/?p=895\">Zak\u0142adka do ksi\u0105\u017cki 5&#215;15<\/a>\r\n\t\t\t\t<\/h2>\r\n\r\n\t\t\t\t\t\t\t<\/div>\r\n\t\t<\/div>\r\n\r\n\t\t\t<\/div>\r\n<\/div><div class=\"psacp-post-slide psacp-post-889 psacp-post-standard psacp-has-thumb\">\r\n\t<div class=\"psacp-post-carousel-content\">\r\n\t\t<div class=\"psacp-post-img-bg\" style=\"background-image:url(https:\/\/i0.wp.com\/rekodzielo-kww.pl\/wp-content\/uploads\/2021\/11\/700.jpg?resize=500%2C500&#038;ssl=1);\">\r\n\t\t\t<a class=\"psacp-post-linkoverlay\" href=\"https:\/\/rekodzielo-kww.pl\/?p=889\"><\/a>\r\n\t\t\t<div class=\"psacp-post-overlay\">\r\n\t\t\t\t\t\t\t\t<h2 class=\"psacp-post-title\">\r\n\t\t\t\t\t<a href=\"https:\/\/rekodzielo-kww.pl\/?p=889\">Zak\u0142adka do ksi\u0105\u017cki 5&#215;15<\/a>\r\n\t\t\t\t<\/h2>\r\n\r\n\t\t\t\t\t\t\t<\/div>\r\n\t\t<\/div>\r\n\r\n\t\t\t<\/div>\r\n<\/div><\/div>\n\n\n\n<p><\/p>\n","protected":false},"excerpt":{"rendered":"<p>\u015awieczniki Chusteczniki Pude\u0142ka na drobiazgi Zak\u0142adki do ksi\u0105\u017cek<\/p>\n","protected":false},"author":1,"featured_media":0,"parent":0,"menu_order":0,"comment_status":"closed","ping_status":"closed","template":"","meta":{"footnotes":""},"jetpack_sharing_enabled":true,"jetpack-related-posts":[],"_links":{"self":[{"href":"https:\/\/rekodzielo-kww.pl\/index.php?rest_route=\/wp\/v2\/pages\/119"}],"collection":[{"href":"https:\/\/rekodzielo-kww.pl\/index.php?rest_route=\/wp\/v2\/pages"}],"about":[{"href":"https:\/\/rekodzielo-kww.pl\/index.php?rest_route=\/wp\/v2\/types\/page"}],"author":[{"embeddable":true,"href":"https:\/\/rekodzielo-kww.pl\/index.php?rest_route=\/wp\/v2\/users\/1"}],"replies":[{"embeddable":true,"href":"https:\/\/rekodzielo-kww.pl\/index.php?rest_route=%2Fwp%2Fv2%2Fcomments&post=119"}],"version-history":[{"count":43,"href":"https:\/\/rekodzielo-kww.pl\/index.php?rest_route=\/wp\/v2\/pages\/119\/revisions"}],"predecessor-version":[{"id":968,"href":"https:\/\/rekodzielo-kww.pl\/index.php?rest_route=\/wp\/v2\/pages\/119\/revisions\/968"}],"wp:attachment":[{"href":"https:\/\/rekodzielo-kww.pl\/index.php?rest_route=%2Fwp%2Fv2%2Fmedia&parent=119"}],"curies":[{"name":"wp","href":"https:\/\/api.w.org\/{rel}","templated":true}]}}